{"id":429,"date":"2016-11-01T09:49:14","date_gmt":"2016-11-01T08:49:14","guid":{"rendered":"http:\/\/www.viktorgustavsson.com\/sv\/?page_id=429"},"modified":"2019-03-11T15:19:38","modified_gmt":"2019-03-11T14:19:38","slug":"studion-bro-hof","status":"publish","type":"page","link":"https:\/\/www.viktorgustavsson.com\/sv\/studion-bro-hof\/","title":{"rendered":"Studion Bro Hof"},"content":{"rendered":"<p>P\u00e5 Bro Hof finns det 2 st toppmoderna studios med plats f\u00f6r 6 personer, vi har det absolut senaste i teknologin d\u00e4r vi analyserar och tr\u00e4nar p\u00e5 varje detalj i svingen med hj\u00e4lpmedel som Trackman, BodiTrak Force Plats, K-West 3D, Casio H\u00f6ghastighets kameror, Sam Putt Lab, Focus Band.<\/p>\n<p>Vi jobbar \u00e4ven mycket med Custom Fitting d\u00e4r vi har 2 st m\u00e4rken <a href=\"http:\/\/www.titleist.se\/\">Titleist<\/a>, <a href=\"http:\/\/cmp.callawaygolf.com\/\">Callaway<\/a> d\u00e4r ni kan prova alla modeller och alla skaft.<\/p>\n<p><a href=\"http:\/\/www.brohofslott.se\/golf-academy\/\">Studion Bro Hof Slott GC<\/a><\/p>\n","protected":false},"excerpt":{"rendered":"<p>P\u00e5 Bro Hof finns det 2 st toppmoderna studios med plats f\u00f6r 6 personer, vi har det absolut senaste i teknologin d\u00e4r vi analyserar och tr\u00e4nar p\u00e5 varje detalj i svingen med hj\u00e4lpmedel som Trackman, BodiTrak Force Plats, K-West 3D, Casio H\u00f6ghastighets kameror, Sam Putt Lab, Focus Band. Vi jobbar \u00e4ven mycket med Custom Fitting d\u00e4r vi har 2 st &#8230; <\/p>\n<div><a href=\"https:\/\/www.viktorgustavsson.com\/sv\/studion-bro-hof\/\" class=\"more-link\">Read More<\/a><\/div>\n","protected":false},"author":1,"featured_media":0,"parent":0,"menu_order":0,"comment_status":"closed","ping_status":"closed","template":"","meta":{"footnotes":""},"class_list":["post-429","page","type-page","status-publish","hentry","no-post-thumbnail"],"yoast_head":"<!-- This site is optimized with the Yoast SEO plugin v27.2 - https:\/\/yoast.com\/product\/yoast-seo-wordpress\/ -->\n<title>Studion Bro Hof - Viktor Gustavsson Golf Academy<\/title>\n<meta name=\"robots\" content=\"index, follow, max-snippet:-1, max-image-preview:large, max-video-preview:-1\" \/>\n<link rel=\"canonical\" href=\"https:\/\/www.viktorgustavsson.com\/sv\/studion-bro-hof\/\" \/>\n<meta property=\"og:locale\" content=\"sv_SE\" \/>\n<meta property=\"og:type\" content=\"article\" \/>\n<meta property=\"og:title\" content=\"Studion Bro Hof - Viktor Gustavsson Golf Academy\" \/>\n<meta property=\"og:description\" content=\"P\u00e5 Bro Hof finns det 2 st toppmoderna studios med plats f\u00f6r 6 personer, vi har det absolut senaste i teknologin d\u00e4r vi analyserar och tr\u00e4nar p\u00e5 varje detalj i svingen med hj\u00e4lpmedel som Trackman, BodiTrak Force Plats, K-West 3D, Casio H\u00f6ghastighets kameror, Sam Putt Lab, Focus Band. Vi jobbar \u00e4ven mycket med Custom Fitting d\u00e4r vi har 2 st ... Read More\" \/>\n<meta property=\"og:url\" content=\"https:\/\/www.viktorgustavsson.com\/sv\/studion-bro-hof\/\" \/>\n<meta property=\"og:site_name\" content=\"Viktor Gustavsson Golf Academy\" \/>\n<meta property=\"article:modified_time\" content=\"2019-03-11T14:19:38+00:00\" \/>\n<meta name=\"twitter:card\" content=\"summary_large_image\" \/>\n<script type=\"application\/ld+json\" class=\"yoast-schema-graph\">{\"@context\":\"https:\/\/schema.org\",\"@graph\":[{\"@type\":\"WebPage\",\"@id\":\"https:\/\/www.viktorgustavsson.com\/sv\/studion-bro-hof\/\",\"url\":\"https:\/\/www.viktorgustavsson.com\/sv\/studion-bro-hof\/\",\"name\":\"Studion Bro Hof - Viktor Gustavsson Golf Academy\",\"isPartOf\":{\"@id\":\"https:\/\/www.viktorgustavsson.com\/#website\"},\"datePublished\":\"2016-11-01T08:49:14+00:00\",\"dateModified\":\"2019-03-11T14:19:38+00:00\",\"breadcrumb\":{\"@id\":\"https:\/\/www.viktorgustavsson.com\/sv\/studion-bro-hof\/#breadcrumb\"},\"inLanguage\":\"sv-SE\",\"potentialAction\":[{\"@type\":\"ReadAction\",\"target\":[\"https:\/\/www.viktorgustavsson.com\/sv\/studion-bro-hof\/\"]}]},{\"@type\":\"BreadcrumbList\",\"@id\":\"https:\/\/www.viktorgustavsson.com\/sv\/studion-bro-hof\/#breadcrumb\",\"itemListElement\":[{\"@type\":\"ListItem\",\"position\":1,\"name\":\"Hem\",\"item\":\"https:\/\/www.viktorgustavsson.com\/sv\/\"},{\"@type\":\"ListItem\",\"position\":2,\"name\":\"Studion Bro Hof\"}]},{\"@type\":\"WebSite\",\"@id\":\"https:\/\/www.viktorgustavsson.com\/#website\",\"url\":\"https:\/\/www.viktorgustavsson.com\/\",\"name\":\"Viktor Gustavsson Golf Academy\",\"description\":\"Professionell golftr\u00e4nare\",\"potentialAction\":[{\"@type\":\"SearchAction\",\"target\":{\"@type\":\"EntryPoint\",\"urlTemplate\":\"https:\/\/www.viktorgustavsson.com\/?s={search_term_string}\"},\"query-input\":{\"@type\":\"PropertyValueSpecification\",\"valueRequired\":true,\"valueName\":\"search_term_string\"}}],\"inLanguage\":\"sv-SE\"}]}<\/script>\n<!-- \/ Yoast SEO plugin. -->","yoast_head_json":{"title":"Studion Bro Hof - Viktor Gustavsson Golf Academy","robots":{"index":"index","follow":"follow","max-snippet":"max-snippet:-1","max-image-preview":"max-image-preview:large","max-video-preview":"max-video-preview:-1"},"canonical":"https:\/\/www.viktorgustavsson.com\/sv\/studion-bro-hof\/","og_locale":"sv_SE","og_type":"article","og_title":"Studion Bro Hof - Viktor Gustavsson Golf Academy","og_description":"P\u00e5 Bro Hof finns det 2 st toppmoderna studios med plats f\u00f6r 6 personer, vi har det absolut senaste i teknologin d\u00e4r vi analyserar och tr\u00e4nar p\u00e5 varje detalj i svingen med hj\u00e4lpmedel som Trackman, BodiTrak Force Plats, K-West 3D, Casio H\u00f6ghastighets kameror, Sam Putt Lab, Focus Band. Vi jobbar \u00e4ven mycket med Custom Fitting d\u00e4r vi har 2 st ... Read More","og_url":"https:\/\/www.viktorgustavsson.com\/sv\/studion-bro-hof\/","og_site_name":"Viktor Gustavsson Golf Academy","article_modified_time":"2019-03-11T14:19:38+00:00","twitter_card":"summary_large_image","schema":{"@context":"https:\/\/schema.org","@graph":[{"@type":"WebPage","@id":"https:\/\/www.viktorgustavsson.com\/sv\/studion-bro-hof\/","url":"https:\/\/www.viktorgustavsson.com\/sv\/studion-bro-hof\/","name":"Studion Bro Hof - Viktor Gustavsson Golf Academy","isPartOf":{"@id":"https:\/\/www.viktorgustavsson.com\/#website"},"datePublished":"2016-11-01T08:49:14+00:00","dateModified":"2019-03-11T14:19:38+00:00","breadcrumb":{"@id":"https:\/\/www.viktorgustavsson.com\/sv\/studion-bro-hof\/#breadcrumb"},"inLanguage":"sv-SE","potentialAction":[{"@type":"ReadAction","target":["https:\/\/www.viktorgustavsson.com\/sv\/studion-bro-hof\/"]}]},{"@type":"BreadcrumbList","@id":"https:\/\/www.viktorgustavsson.com\/sv\/studion-bro-hof\/#breadcrumb","itemListElement":[{"@type":"ListItem","position":1,"name":"Hem","item":"https:\/\/www.viktorgustavsson.com\/sv\/"},{"@type":"ListItem","position":2,"name":"Studion Bro Hof"}]},{"@type":"WebSite","@id":"https:\/\/www.viktorgustavsson.com\/#website","url":"https:\/\/www.viktorgustavsson.com\/","name":"Viktor Gustavsson Golf Academy","description":"Professionell golftr\u00e4nare","potentialAction":[{"@type":"SearchAction","target":{"@type":"EntryPoint","urlTemplate":"https:\/\/www.viktorgustavsson.com\/?s={search_term_string}"},"query-input":{"@type":"PropertyValueSpecification","valueRequired":true,"valueName":"search_term_string"}}],"inLanguage":"sv-SE"}]}},"_links":{"self":[{"href":"https:\/\/www.viktorgustavsson.com\/sv\/wp-json\/wp\/v2\/pages\/429","targetHints":{"allow":["GET"]}}],"collection":[{"href":"https:\/\/www.viktorgustavsson.com\/sv\/wp-json\/wp\/v2\/pages"}],"about":[{"href":"https:\/\/www.viktorgustavsson.com\/sv\/wp-json\/wp\/v2\/types\/page"}],"author":[{"embeddable":true,"href":"https:\/\/www.viktorgustavsson.com\/sv\/wp-json\/wp\/v2\/users\/1"}],"replies":[{"embeddable":true,"href":"https:\/\/www.viktorgustavsson.com\/sv\/wp-json\/wp\/v2\/comments?post=429"}],"version-history":[{"count":4,"href":"https:\/\/www.viktorgustavsson.com\/sv\/wp-json\/wp\/v2\/pages\/429\/revisions"}],"predecessor-version":[{"id":566,"href":"https:\/\/www.viktorgustavsson.com\/sv\/wp-json\/wp\/v2\/pages\/429\/revisions\/566"}],"wp:attachment":[{"href":"https:\/\/www.viktorgustavsson.com\/sv\/wp-json\/wp\/v2\/media?parent=429"}],"curies":[{"name":"wp","href":"https:\/\/api.w.org\/{rel}","templated":true}]}}