{"id":365,"date":"2016-03-04T13:23:28","date_gmt":"2016-03-04T12:23:28","guid":{"rendered":"http:\/\/www.viktorgustavsson.com\/sv\/?page_id=365"},"modified":"2024-10-31T14:56:30","modified_gmt":"2024-10-31T13:56:30","slug":"custom-fitting","status":"publish","type":"page","link":"https:\/\/www.viktorgustavsson.com\/sv\/custom-fitting\/","title":{"rendered":"Custom Fitting"},"content":{"rendered":"<p>Alla m\u00e4nniskor \u00e4r olika, n\u00e4r du k\u00f6per skor s\u00e5 g\u00e5r du f\u00f6rmodligen inte in och tar de f\u00f6rsta b\u00e4sta, du provar sj\u00e4lvklart storlek och om de passar just f\u00f6r dig, det \u00e4r samma sak jag rekommenderar dig att g\u00f6ra n\u00e4r du ska k\u00f6pa golfutrustning. I en custom fitting, som betyder utprovning av utrustning s\u00e5 g\u00e5r vi igenom dina f\u00f6ruts\u00e4ttningar, hur du svingar klubban och hur du vill svinga klubban, n\u00e4r vi tagit in all information s\u00e5 vet vi vilken utrustning som passar just dig f\u00f6r att spela b\u00e4ttre golf. P\u00e5 VG Golf Academy har vi gjort flera hundratals custom fitting som lett golfare till b\u00e4ttre scorer.<\/p>\n<p><strong>Pris:<\/strong> 1395 kr om utrustning k\u00f6ps, s\u00e5 dras 1395 kr av fr\u00e5n priset.<\/p>\n<p>Ring eller maila Viktor p\u00e5 viktor@vggolfacademy.se eller 0705122671<br \/>\n_________________________________________________________________________________________________<\/p>\n<p><strong>Vad G\u00e5r Vi Igenom I En Custom Fitting?<\/strong><\/p>\n<p>1. Utg\u00e5ngsvinkel<br \/>\n2. Carry avst\u00e5nd<br \/>\n3. Total str\u00e4cka<br \/>\n4. Bollhastighet<br \/>\n5. Boll spinn<br \/>\n6. Svinghastighet<br \/>\n7. Swing tempo<br \/>\n8. Infallsvinkel<br \/>\n9. Skruv<br \/>\n10. Moi<br \/>\n11. Lie<br \/>\n12. Grepp Storlek<\/p>\n<p>_________________________________________________________________________________________________<\/p>\n<p><strong>Efter dessa har m\u00e4tts, finns det m\u00e5nga andra saker att t\u00e4nka p\u00e5, till exempel de 21 komponenterna till en verklig anpassning<\/strong><\/p>\n<p>1<strong>.<\/strong>Klubbhuvudets loft<br \/>\n2. Klubbhuvudets lie<br \/>\n3. Klubbhuvudets bounce<br \/>\n4. Klubbhuvudets rullning<br \/>\n5. Klubbhuvudets sula p\u00e5 j\u00e4rnklubbor<br \/>\n6. Klubbhuvudets face angle p\u00e5 utslagsklubborna<br \/>\n7. Klubbhuvudet offset<br \/>\n8. Klubbhuvudet materialsammans\u00e4ttning och utformning<br \/>\n9. Skaftflex\/styvhet och med butt\/tip stelhet<br \/>\n10. Skaftets vridmoment<br \/>\n11. Skaft vikt<br \/>\n12. Skafts styvhet<br \/>\n13. Skaftets materialsammans\u00e4ttning och utformning<br \/>\n14. Grepp storlek<br \/>\n15. Grepp vikt<br \/>\n16. Greppets materialsammans\u00e4ttning och utformning<br \/>\n17. Klubbans l\u00e4ngd<br \/>\n18. Club swing vikt \/ MOI \/ frekvens<br \/>\n19. Klubbans totalvikt<br \/>\n20. Set makeup &#8211; beh\u00f6ver vi verkligen en 3-j\u00e4rn eller 4-j\u00e4rn, de kanske g\u00e5r lika l\u00e5ngt som 5-j\u00e4rn?<br \/>\n_________________________________________________________________________________________________<\/p>\n<p><strong>Vad g\u00f6r vi sen med informationen?<\/strong><\/p>\n<p>N\u00e4r vi har f\u00e5tt alla m\u00e5tt, kommer vi att sitta ner med varje kund och g\u00e5 igenom med var och en vilken typ av spel ni har och vilken m\u00e5ls\u00e4ttning ni har samt vilken peng ni har t\u00e4nkt er att l\u00e4gga p\u00e5 utrustningen. Jag kommer sedan att g\u00f6ra en rekommendation om vilken typ av klubbhuvud, skaft, och grepp och varf\u00f6r vi rekommenderar det vi g\u00f6r. D\u00e5 kan vi v\u00e4lja vilket m\u00e4rke och prisklass som passar din budget.<\/p>\n<p>N\u00e4r du har fattat ditt beslut s\u00e5 kommer arbetet med att g\u00f6ra iordning dina klubbor.<br \/>\n_________________________________________________________________________________________________<\/p>\n","protected":false},"excerpt":{"rendered":"<p>Alla m\u00e4nniskor \u00e4r olika, n\u00e4r du k\u00f6per skor s\u00e5 g\u00e5r du f\u00f6rmodligen inte in och tar de f\u00f6rsta b\u00e4sta, du provar sj\u00e4lvklart storlek och om de passar just f\u00f6r dig, det \u00e4r samma sak jag rekommenderar dig att g\u00f6ra n\u00e4r du ska k\u00f6pa golfutrustning. I en custom fitting, som betyder utprovning av utrustning s\u00e5 g\u00e5r vi igenom dina f\u00f6ruts\u00e4ttningar, hur &#8230; <\/p>\n<div><a href=\"https:\/\/www.viktorgustavsson.com\/sv\/custom-fitting\/\" class=\"more-link\">Read More<\/a><\/div>\n","protected":false},"author":1,"featured_media":0,"parent":0,"menu_order":0,"comment_status":"closed","ping_status":"closed","template":"","meta":{"footnotes":""},"class_list":["post-365","page","type-page","status-publish","hentry","no-post-thumbnail"],"yoast_head":"<!-- This site is optimized with the Yoast SEO plugin v27.2 - https:\/\/yoast.com\/product\/yoast-seo-wordpress\/ -->\n<title>Custom Fitting - Viktor Gustavsson Golf Academy<\/title>\n<meta name=\"robots\" content=\"index, follow, max-snippet:-1, max-image-preview:large, max-video-preview:-1\" \/>\n<link rel=\"canonical\" href=\"https:\/\/www.viktorgustavsson.com\/sv\/custom-fitting\/\" \/>\n<meta property=\"og:locale\" content=\"sv_SE\" \/>\n<meta property=\"og:type\" content=\"article\" \/>\n<meta property=\"og:title\" content=\"Custom Fitting - Viktor Gustavsson Golf Academy\" \/>\n<meta property=\"og:description\" content=\"Alla m\u00e4nniskor \u00e4r olika, n\u00e4r du k\u00f6per skor s\u00e5 g\u00e5r du f\u00f6rmodligen inte in och tar de f\u00f6rsta b\u00e4sta, du provar sj\u00e4lvklart storlek och om de passar just f\u00f6r dig, det \u00e4r samma sak jag rekommenderar dig att g\u00f6ra n\u00e4r du ska k\u00f6pa golfutrustning. I en custom fitting, som betyder utprovning av utrustning s\u00e5 g\u00e5r vi igenom dina f\u00f6ruts\u00e4ttningar, hur ... Read More\" \/>\n<meta property=\"og:url\" content=\"https:\/\/www.viktorgustavsson.com\/sv\/custom-fitting\/\" \/>\n<meta property=\"og:site_name\" content=\"Viktor Gustavsson Golf Academy\" \/>\n<meta property=\"article:modified_time\" content=\"2024-10-31T13:56:30+00:00\" \/>\n<meta name=\"twitter:card\" content=\"summary_large_image\" \/>\n<meta name=\"twitter:label1\" content=\"Ber\u00e4knad l\u00e4stid\" \/>\n\t<meta name=\"twitter:data1\" content=\"2 minuter\" \/>\n<script type=\"application\/ld+json\" class=\"yoast-schema-graph\">{\"@context\":\"https:\/\/schema.org\",\"@graph\":[{\"@type\":\"WebPage\",\"@id\":\"https:\/\/www.viktorgustavsson.com\/sv\/custom-fitting\/\",\"url\":\"https:\/\/www.viktorgustavsson.com\/sv\/custom-fitting\/\",\"name\":\"Custom Fitting - Viktor Gustavsson Golf Academy\",\"isPartOf\":{\"@id\":\"https:\/\/www.viktorgustavsson.com\/#website\"},\"datePublished\":\"2016-03-04T12:23:28+00:00\",\"dateModified\":\"2024-10-31T13:56:30+00:00\",\"breadcrumb\":{\"@id\":\"https:\/\/www.viktorgustavsson.com\/sv\/custom-fitting\/#breadcrumb\"},\"inLanguage\":\"sv-SE\",\"potentialAction\":[{\"@type\":\"ReadAction\",\"target\":[\"https:\/\/www.viktorgustavsson.com\/sv\/custom-fitting\/\"]}]},{\"@type\":\"BreadcrumbList\",\"@id\":\"https:\/\/www.viktorgustavsson.com\/sv\/custom-fitting\/#breadcrumb\",\"itemListElement\":[{\"@type\":\"ListItem\",\"position\":1,\"name\":\"Hem\",\"item\":\"https:\/\/www.viktorgustavsson.com\/sv\/\"},{\"@type\":\"ListItem\",\"position\":2,\"name\":\"Custom Fitting\"}]},{\"@type\":\"WebSite\",\"@id\":\"https:\/\/www.viktorgustavsson.com\/#website\",\"url\":\"https:\/\/www.viktorgustavsson.com\/\",\"name\":\"Viktor Gustavsson Golf Academy\",\"description\":\"Professionell golftr\u00e4nare\",\"potentialAction\":[{\"@type\":\"SearchAction\",\"target\":{\"@type\":\"EntryPoint\",\"urlTemplate\":\"https:\/\/www.viktorgustavsson.com\/?s={search_term_string}\"},\"query-input\":{\"@type\":\"PropertyValueSpecification\",\"valueRequired\":true,\"valueName\":\"search_term_string\"}}],\"inLanguage\":\"sv-SE\"}]}<\/script>\n<!-- \/ Yoast SEO plugin. -->","yoast_head_json":{"title":"Custom Fitting - Viktor Gustavsson Golf Academy","robots":{"index":"index","follow":"follow","max-snippet":"max-snippet:-1","max-image-preview":"max-image-preview:large","max-video-preview":"max-video-preview:-1"},"canonical":"https:\/\/www.viktorgustavsson.com\/sv\/custom-fitting\/","og_locale":"sv_SE","og_type":"article","og_title":"Custom Fitting - Viktor Gustavsson Golf Academy","og_description":"Alla m\u00e4nniskor \u00e4r olika, n\u00e4r du k\u00f6per skor s\u00e5 g\u00e5r du f\u00f6rmodligen inte in och tar de f\u00f6rsta b\u00e4sta, du provar sj\u00e4lvklart storlek och om de passar just f\u00f6r dig, det \u00e4r samma sak jag rekommenderar dig att g\u00f6ra n\u00e4r du ska k\u00f6pa golfutrustning. I en custom fitting, som betyder utprovning av utrustning s\u00e5 g\u00e5r vi igenom dina f\u00f6ruts\u00e4ttningar, hur ... Read More","og_url":"https:\/\/www.viktorgustavsson.com\/sv\/custom-fitting\/","og_site_name":"Viktor Gustavsson Golf Academy","article_modified_time":"2024-10-31T13:56:30+00:00","twitter_card":"summary_large_image","twitter_misc":{"Ber\u00e4knad l\u00e4stid":"2 minuter"},"schema":{"@context":"https:\/\/schema.org","@graph":[{"@type":"WebPage","@id":"https:\/\/www.viktorgustavsson.com\/sv\/custom-fitting\/","url":"https:\/\/www.viktorgustavsson.com\/sv\/custom-fitting\/","name":"Custom Fitting - Viktor Gustavsson Golf Academy","isPartOf":{"@id":"https:\/\/www.viktorgustavsson.com\/#website"},"datePublished":"2016-03-04T12:23:28+00:00","dateModified":"2024-10-31T13:56:30+00:00","breadcrumb":{"@id":"https:\/\/www.viktorgustavsson.com\/sv\/custom-fitting\/#breadcrumb"},"inLanguage":"sv-SE","potentialAction":[{"@type":"ReadAction","target":["https:\/\/www.viktorgustavsson.com\/sv\/custom-fitting\/"]}]},{"@type":"BreadcrumbList","@id":"https:\/\/www.viktorgustavsson.com\/sv\/custom-fitting\/#breadcrumb","itemListElement":[{"@type":"ListItem","position":1,"name":"Hem","item":"https:\/\/www.viktorgustavsson.com\/sv\/"},{"@type":"ListItem","position":2,"name":"Custom Fitting"}]},{"@type":"WebSite","@id":"https:\/\/www.viktorgustavsson.com\/#website","url":"https:\/\/www.viktorgustavsson.com\/","name":"Viktor Gustavsson Golf Academy","description":"Professionell golftr\u00e4nare","potentialAction":[{"@type":"SearchAction","target":{"@type":"EntryPoint","urlTemplate":"https:\/\/www.viktorgustavsson.com\/?s={search_term_string}"},"query-input":{"@type":"PropertyValueSpecification","valueRequired":true,"valueName":"search_term_string"}}],"inLanguage":"sv-SE"}]}},"_links":{"self":[{"href":"https:\/\/www.viktorgustavsson.com\/sv\/wp-json\/wp\/v2\/pages\/365","targetHints":{"allow":["GET"]}}],"collection":[{"href":"https:\/\/www.viktorgustavsson.com\/sv\/wp-json\/wp\/v2\/pages"}],"about":[{"href":"https:\/\/www.viktorgustavsson.com\/sv\/wp-json\/wp\/v2\/types\/page"}],"author":[{"embeddable":true,"href":"https:\/\/www.viktorgustavsson.com\/sv\/wp-json\/wp\/v2\/users\/1"}],"replies":[{"embeddable":true,"href":"https:\/\/www.viktorgustavsson.com\/sv\/wp-json\/wp\/v2\/comments?post=365"}],"version-history":[{"count":9,"href":"https:\/\/www.viktorgustavsson.com\/sv\/wp-json\/wp\/v2\/pages\/365\/revisions"}],"predecessor-version":[{"id":745,"href":"https:\/\/www.viktorgustavsson.com\/sv\/wp-json\/wp\/v2\/pages\/365\/revisions\/745"}],"wp:attachment":[{"href":"https:\/\/www.viktorgustavsson.com\/sv\/wp-json\/wp\/v2\/media?parent=365"}],"curies":[{"name":"wp","href":"https:\/\/api.w.org\/{rel}","templated":true}]}}