{"id":181,"date":"2015-11-25T09:28:25","date_gmt":"2015-11-25T08:28:25","guid":{"rendered":"http:\/\/www.viktorgustavsson.com\/?page_id=181&#038;lang=sv"},"modified":"2015-12-05T20:10:38","modified_gmt":"2015-12-05T19:10:38","slug":"utslag","status":"publish","type":"page","link":"https:\/\/www.viktorgustavsson.com\/sv\/utslag\/","title":{"rendered":"Utslag"},"content":{"rendered":"<div class=\"members-access-error\">Du har inte r\u00e4ttighet att se inneh\u00e5llet p\u00e5 denna sida.<\/p>\n<p><a href=\"http:\/\/www.viktorgustavsson.com\/traningstips\/?lang=sv\">Registrera dig<\/a> eller <a href=\"http:\/\/www.viktorgustavsson.com\/traningstips\/?lang=sv\">Logga in<\/a><\/div>\n","protected":false},"excerpt":{"rendered":"<div class=\"members-access-error\">Du har inte r\u00e4ttighet att se inneh\u00e5llet p\u00e5 denna sida.<\/p>\n<p><a href=\"http:\/\/www.viktorgustavsson.com\/traningstips\/?lang=sv\">Registrera dig<\/a> eller <a href=\"http:\/\/www.viktorgustavsson.com\/traningstips\/?lang=sv\">Logga in<\/a><\/div>\n","protected":false},"author":1,"featured_media":0,"parent":0,"menu_order":0,"comment_status":"closed","ping_status":"closed","template":"","meta":{"footnotes":""},"class_list":["post-181","page","type-page","status-publish","hentry","no-post-thumbnail"],"yoast_head":"<!-- This site is optimized with the Yoast SEO plugin v27.2 - https:\/\/yoast.com\/product\/yoast-seo-wordpress\/ -->\n<title>Utslag - Viktor Gustavsson Golf Academy<\/title>\n<meta name=\"robots\" content=\"index, follow, max-snippet:-1, max-image-preview:large, max-video-preview:-1\" \/>\n<link rel=\"canonical\" href=\"https:\/\/www.viktorgustavsson.com\/sv\/utslag\/\" \/>\n<meta property=\"og:locale\" content=\"sv_SE\" \/>\n<meta property=\"og:type\" content=\"article\" \/>\n<meta property=\"og:title\" content=\"Utslag - Viktor Gustavsson Golf Academy\" \/>\n<meta property=\"og:description\" content=\"Du har inte r\u00e4ttighet att se inneh\u00e5llet p\u00e5 denna sida. Registrera dig eller Logga in\" \/>\n<meta property=\"og:url\" content=\"https:\/\/www.viktorgustavsson.com\/sv\/utslag\/\" \/>\n<meta property=\"og:site_name\" content=\"Viktor Gustavsson Golf Academy\" \/>\n<meta property=\"article:modified_time\" content=\"2015-12-05T19:10:38+00:00\" \/>\n<meta name=\"twitter:card\" content=\"summary_large_image\" \/>\n<script type=\"application\/ld+json\" class=\"yoast-schema-graph\">{\"@context\":\"https:\/\/schema.org\",\"@graph\":[{\"@type\":\"WebPage\",\"@id\":\"https:\/\/www.viktorgustavsson.com\/sv\/utslag\/\",\"url\":\"https:\/\/www.viktorgustavsson.com\/sv\/utslag\/\",\"name\":\"Utslag - Viktor Gustavsson Golf Academy\",\"isPartOf\":{\"@id\":\"https:\/\/www.viktorgustavsson.com\/#website\"},\"datePublished\":\"2015-11-25T08:28:25+00:00\",\"dateModified\":\"2015-12-05T19:10:38+00:00\",\"breadcrumb\":{\"@id\":\"https:\/\/www.viktorgustavsson.com\/sv\/utslag\/#breadcrumb\"},\"inLanguage\":\"sv-SE\",\"potentialAction\":[{\"@type\":\"ReadAction\",\"target\":[\"https:\/\/www.viktorgustavsson.com\/sv\/utslag\/\"]}]},{\"@type\":\"BreadcrumbList\",\"@id\":\"https:\/\/www.viktorgustavsson.com\/sv\/utslag\/#breadcrumb\",\"itemListElement\":[{\"@type\":\"ListItem\",\"position\":1,\"name\":\"Hem\",\"item\":\"https:\/\/www.viktorgustavsson.com\/sv\/\"},{\"@type\":\"ListItem\",\"position\":2,\"name\":\"Utslag\"}]},{\"@type\":\"WebSite\",\"@id\":\"https:\/\/www.viktorgustavsson.com\/#website\",\"url\":\"https:\/\/www.viktorgustavsson.com\/\",\"name\":\"Viktor Gustavsson Golf Academy\",\"description\":\"Professionell golftr\u00e4nare\",\"potentialAction\":[{\"@type\":\"SearchAction\",\"target\":{\"@type\":\"EntryPoint\",\"urlTemplate\":\"https:\/\/www.viktorgustavsson.com\/?s={search_term_string}\"},\"query-input\":{\"@type\":\"PropertyValueSpecification\",\"valueRequired\":true,\"valueName\":\"search_term_string\"}}],\"inLanguage\":\"sv-SE\"}]}<\/script>\n<!-- \/ Yoast SEO plugin. -->","yoast_head_json":{"title":"Utslag - Viktor Gustavsson Golf Academy","robots":{"index":"index","follow":"follow","max-snippet":"max-snippet:-1","max-image-preview":"max-image-preview:large","max-video-preview":"max-video-preview:-1"},"canonical":"https:\/\/www.viktorgustavsson.com\/sv\/utslag\/","og_locale":"sv_SE","og_type":"article","og_title":"Utslag - Viktor Gustavsson Golf Academy","og_description":"Du har inte r\u00e4ttighet att se inneh\u00e5llet p\u00e5 denna sida. Registrera dig eller Logga in","og_url":"https:\/\/www.viktorgustavsson.com\/sv\/utslag\/","og_site_name":"Viktor Gustavsson Golf Academy","article_modified_time":"2015-12-05T19:10:38+00:00","twitter_card":"summary_large_image","schema":{"@context":"https:\/\/schema.org","@graph":[{"@type":"WebPage","@id":"https:\/\/www.viktorgustavsson.com\/sv\/utslag\/","url":"https:\/\/www.viktorgustavsson.com\/sv\/utslag\/","name":"Utslag - Viktor Gustavsson Golf Academy","isPartOf":{"@id":"https:\/\/www.viktorgustavsson.com\/#website"},"datePublished":"2015-11-25T08:28:25+00:00","dateModified":"2015-12-05T19:10:38+00:00","breadcrumb":{"@id":"https:\/\/www.viktorgustavsson.com\/sv\/utslag\/#breadcrumb"},"inLanguage":"sv-SE","potentialAction":[{"@type":"ReadAction","target":["https:\/\/www.viktorgustavsson.com\/sv\/utslag\/"]}]},{"@type":"BreadcrumbList","@id":"https:\/\/www.viktorgustavsson.com\/sv\/utslag\/#breadcrumb","itemListElement":[{"@type":"ListItem","position":1,"name":"Hem","item":"https:\/\/www.viktorgustavsson.com\/sv\/"},{"@type":"ListItem","position":2,"name":"Utslag"}]},{"@type":"WebSite","@id":"https:\/\/www.viktorgustavsson.com\/#website","url":"https:\/\/www.viktorgustavsson.com\/","name":"Viktor Gustavsson Golf Academy","description":"Professionell golftr\u00e4nare","potentialAction":[{"@type":"SearchAction","target":{"@type":"EntryPoint","urlTemplate":"https:\/\/www.viktorgustavsson.com\/?s={search_term_string}"},"query-input":{"@type":"PropertyValueSpecification","valueRequired":true,"valueName":"search_term_string"}}],"inLanguage":"sv-SE"}]}},"_links":{"self":[{"href":"https:\/\/www.viktorgustavsson.com\/sv\/wp-json\/wp\/v2\/pages\/181","targetHints":{"allow":["GET"]}}],"collection":[{"href":"https:\/\/www.viktorgustavsson.com\/sv\/wp-json\/wp\/v2\/pages"}],"about":[{"href":"https:\/\/www.viktorgustavsson.com\/sv\/wp-json\/wp\/v2\/types\/page"}],"author":[{"embeddable":true,"href":"https:\/\/www.viktorgustavsson.com\/sv\/wp-json\/wp\/v2\/users\/1"}],"replies":[{"embeddable":true,"href":"https:\/\/www.viktorgustavsson.com\/sv\/wp-json\/wp\/v2\/comments?post=181"}],"version-history":[{"count":2,"href":"https:\/\/www.viktorgustavsson.com\/sv\/wp-json\/wp\/v2\/pages\/181\/revisions"}],"predecessor-version":[{"id":212,"href":"https:\/\/www.viktorgustavsson.com\/sv\/wp-json\/wp\/v2\/pages\/181\/revisions\/212"}],"wp:attachment":[{"href":"https:\/\/www.viktorgustavsson.com\/sv\/wp-json\/wp\/v2\/media?parent=181"}],"curies":[{"name":"wp","href":"https:\/\/api.w.org\/{rel}","templated":true}]}}