{"id":150,"date":"2015-11-20T10:32:06","date_gmt":"2015-11-20T09:32:06","guid":{"rendered":"http:\/\/www.viktorgustavsson.com\/?page_id=150&#038;lang=sv"},"modified":"2025-10-13T17:25:13","modified_gmt":"2025-10-13T15:25:13","slug":"om-viktor","status":"publish","type":"page","link":"https:\/\/www.viktorgustavsson.com\/sv\/om-viktor\/","title":{"rendered":"Om Viktor"},"content":{"rendered":"<div id=\"block_container_64282041\" class=\"block_container standard_text_block text_block h24_containsImage h24_image-float-right\">\n<div id=\"block_64282041\">\n<div id=\"block_64282041_text_content\" class=\"text_content\">\n<p><strong>Viktor Gustavsson och VG Golf Academy<\/strong><\/p>\n<p><img loading=\"lazy\" decoding=\"async\" class=\"alignright size-medium wp-image-548\" src=\"http:\/\/www.viktorgustavsson.com\/wp-content\/uploads\/2018\/10\/Viktor-Dragarbild-300x261.jpg\" alt=\"\" width=\"300\" height=\"261\" srcset=\"https:\/\/www.viktorgustavsson.com\/wp-content\/uploads\/2018\/10\/Viktor-Dragarbild-300x261.jpg 300w, https:\/\/www.viktorgustavsson.com\/wp-content\/uploads\/2018\/10\/Viktor-Dragarbild-768x668.jpg 768w, https:\/\/www.viktorgustavsson.com\/wp-content\/uploads\/2018\/10\/Viktor-Dragarbild-100x87.jpg 100w, https:\/\/www.viktorgustavsson.com\/wp-content\/uploads\/2018\/10\/Viktor-Dragarbild.jpg 1020w\" sizes=\"auto, (max-width: 300px) 100vw, 300px\" \/>Mitt namn \u00e4r Viktor Gustavsson och jag driver VG Golf Academy p\u00e5\u00a0<a href=\"http:\/\/www.brohofslott.se\/\">Bro Hof Slott Golf Club<\/a>.<\/p>\n<p>Jag \u00e4r mer eller mindre uppv\u00e4xt p\u00e5 en golfbana och har spelat\u00a0golf sen jag var\u00a03 \u00e5r. Jag har jobbat som golftr\u00e4nare sen 2001 och aldrig \u00e5ngrat det valet jag gjorde n\u00e4r jag la ner min karri\u00e4r, detta \u00e4r nog v\u00e4rldens b\u00e4sta jobb.<\/p>\n<p>Jag har under \u00e5ren jobbat p\u00e5 Haninge GK fr\u00e5n 2001 d\u00e4r jag var med och bygga upp idrotten och tagit b\u00e5de Alex Nor\u00e9n, Vincent Norrman, Kristoffer Broberg och Mikael Lindberg till vinster p\u00e5 Challengetouren, sen vidare till vinster p\u00e5 Europa Touren och PGA Touren, fostrat landslagsspelare p\u00e5 l\u00f6pande band som vunnit runt om p\u00e5 de olika nordiska ligorna, tagit upp herrarna i elitserien, varit med att startat ett golfgymnasium som satt sig p\u00e5 kartan i golf Sverige, genomf\u00f6rt idrottsprojektet s\u00e5 alla olika medlemmar kan ta del av idrotten, nu n\u00e4r Haninge GK ligger p\u00e5 en all time high 3:e plats p\u00e5 SGF golfranking s\u00e5 k\u00e4nns det helt r\u00e4tt att g\u00e5 vidare till nya utmaningar, d\u00e4rav de b\u00e4sta som finns i Sverige, Bro Hof Slott Golf Club.<\/p>\n<p>Jag jobbar dagligen med spelare fr\u00e5n Europatouren till nyb\u00f6rjare i \u00e5ldrarna 4-90 \u00e5r. Jag har spelat i 32 \u00e5r och innan jag hoppade p\u00e5 tr\u00e4naryrket \u00a0spelade jag p\u00e5 heltid i svenska amat\u00f6rlandslaget och senare som professionell p\u00e5 olika tourer runt i v\u00e4rlden.<\/p>\n<p>Jag verkligen \u00e4lskar golf och mitt yrke, varje dag tr\u00e4ffar jag underbara och intressanta m\u00e4nniskor. Ju mer jag l\u00e4r mig om golf och livet desto mer inser jag att det finns att l\u00e4ra, underbart! Jag brukar s\u00e4ga att man blir konfunderad p\u00e5 en h\u00f6gre niv\u00e5.<\/p>\n<p><strong>Viktor\u00b4s svingfilosofi:<\/strong><\/p>\n<p>Keep It Simple, alla m\u00e4nniskor \u00e4r olika med olika svingar och olika svingproblem, men det finns en position som \u00e4r av betydelse, impacten (bolltr\u00e4ffen).<\/p>\n<p><strong>\u00c5lder:<\/strong> 50<br \/>\n<strong>Viktigaste Klubban I Bagen<\/strong>: Puttern<br \/>\n<strong>Favorit Mat<\/strong>: Crispy beef<br \/>\n<strong>Intressen:<\/strong> Golf<br \/>\n<strong>B\u00e4sta Banan:<\/strong>\u00a0TPC Sawgrass<br \/>\n<strong>St\u00f6rsta Merit<\/strong>: 1:a European Boys Championship 1992<br \/>\n<strong>Idol:<\/strong>\u00a0Ben Hogan<\/p>\n<\/div>\n<\/div>\n<\/div>\n<div id=\"block_container_64453697\" class=\"block_container standard_text_block text_block\">\n<div id=\"block_64453697\">\n<div id=\"block_64453697_text_content\" class=\"text_content\">\n<p><strong>R\u00f6ster om Viktor och VG Golf Academy<\/strong><\/p>\n<p><strong>Alexander Nor\u00e9n<\/strong><\/p>\n<p>Jag har k\u00e4nt Viktor n\u00e4stan hela mitt liv och han har alltid hj\u00e4lpt och st\u00f6ttat mig. P\u00e5 senare \u00e5r har vi jobbat h\u00e5rt tillsammans och jag har haft otrolig hj\u00e4lp av hans kunnande inom hela spelet. Han \u00e4r noggrann som tr\u00e4nare och jag gillar att han varit v\u00e4ldigt duktig spelare sj\u00e4lv.<\/p>\n<p><strong>Per-Ulrik Johansson<\/strong><\/p>\n<p>Viktor har g\u00e5tt en l\u00e5ng resa, fr\u00e5n spelare p\u00e5 Touren till att\u00a0genomf\u00f6ra TU (tr\u00e4narutbildningen). Nu \u00e4r han: tr\u00e4nare f\u00f6r de b\u00e4sta undomarna i Sverige p\u00e5 golfgymnasiet, bedriver utbildning p\u00e5 n\u00e4rspel ihop med Henrik Lundqvist (en kurs som \u00e4r extremt popul\u00e4r),head pro p\u00e5 Haninge GK, tr\u00e4nare till spelare p\u00e5 Nordea Tour, Challenge Tour samt Europa Touren med b.l.a Alex Noren. Sj\u00e4lv tycker jag han \u00e4r ett riktigt bra bollplank f\u00f6r mig n\u00e4r jag tr\u00e4nar eller ringer fr\u00e5n n\u00e5got land och undrar om n\u00e5gon detalj i spelet.<br \/>\nDet som \u00e4r riktigt coolt med Viktor \u00e4r att han \u00e4r extremt bra p\u00e5 att visa slag f\u00f6r sina spelare. Speciellt n\u00e4r det g\u00e4ller n\u00e4rspel. Han sl\u00e5r ofta b\u00e4ttre slag \u00e4n de flesta spelare p\u00e5 Touren runt greenerna och sen kan han f\u00f6rklara det p\u00e5 ett enkelt och pedagogiskt s\u00e4tt. Det som ocks\u00e5 \u00e4r utm\u00e4rkande f\u00f6r Viktor \u00e4r hans vilja att alltid vilja l\u00e4ra sig mer. Han har en grundid\u00e9 men \u00e4r flexibel p\u00e5 sin v\u00e4g, som kommer att leda till n\u00e5got \u00e4nnu st\u00f6rre \u00e4n vad han \u00e4r idag. De tv\u00e5 sistn\u00e4mnda tycker jag \u00e4r de viktigaste egenskaperna hos en golftr\u00e4nare. Det n\u00e4stan alla andra tr\u00e4nare saknar&#8230;<\/p>\n<p><strong>Fredrik Henge<\/strong><\/p>\n<p>Det absolut b\u00e4sta med Viktor \u00e4r att all n\u00e4rspelsteori och tekniksnack backas upp med ett fakta och ett praktiskt utf\u00f6rande. Jag har sj\u00e4lv utvecklats enormt sedan jag b\u00f6rjade tr\u00e4na med Viktor, men framf\u00f6rallt har jag f\u00e5tt gl\u00e4djen och motivationen f\u00f6r golf igen.<\/p>\n<p><strong>Anne-Li Wigge Lind, hcp 12,7 medlem p\u00e5 Haninge GK<\/strong><\/p>\n<p>Viktor \u00e4r inte bara tr\u00e4nare f\u00f6r de stora killarna p\u00e5 Touren. Han jobbar ocks\u00e5 med oss vanliga golfare som k\u00e4mpar oss ned\u00e5t i v\u00e5r hcp-karri\u00e4r oavsett var vi st\u00e5r fr\u00e5n b\u00f6rjan. P\u00e5 Haninge GK finns Viktor som v\u00e5r Sportchef. Bland annat ser han till att vi medlemmar har tillg\u00e5ng till olika tr\u00e4ningspaket i grupp med bra tr\u00e4ningsprogram, f\u00f6rs\u00e4songstr\u00e4ning och \u00e4ven tr\u00e4ning utomhus under s\u00e4songen. Det ger oss ocks\u00e5 fler golfkompisar att lira med.<\/p>\n<p>Tur att vi har dig s\u00e5 vi &#8221;vanliga&#8221; golfare har en m\u00f6jlighet att utvecklas, inspireras och komma l\u00e4ngre med v\u00e5rt golfspel.<\/p>\n<\/div>\n<\/div>\n<\/div>\n","protected":false},"excerpt":{"rendered":"<p>Viktor Gustavsson och VG Golf Academy Mitt namn \u00e4r Viktor Gustavsson och jag driver VG Golf Academy p\u00e5\u00a0Bro Hof Slott Golf Club. Jag \u00e4r mer eller mindre uppv\u00e4xt p\u00e5 en golfbana och har spelat\u00a0golf sen jag var\u00a03 \u00e5r. Jag har jobbat som golftr\u00e4nare sen 2001 och aldrig \u00e5ngrat det valet jag gjorde n\u00e4r jag la ner min karri\u00e4r, detta \u00e4r &#8230; <\/p>\n<div><a href=\"https:\/\/www.viktorgustavsson.com\/sv\/om-viktor\/\" class=\"more-link\">Read More<\/a><\/div>\n","protected":false},"author":1,"featured_media":0,"parent":0,"menu_order":0,"comment_status":"closed","ping_status":"closed","template":"","meta":{"footnotes":""},"class_list":["post-150","page","type-page","status-publish","hentry","no-post-thumbnail"],"yoast_head":"<!-- This site is optimized with the Yoast SEO plugin v27.2 - https:\/\/yoast.com\/product\/yoast-seo-wordpress\/ -->\n<title>Om Viktor - Viktor Gustavsson Golf Academy<\/title>\n<meta name=\"robots\" content=\"index, follow, max-snippet:-1, max-image-preview:large, max-video-preview:-1\" \/>\n<link rel=\"canonical\" href=\"https:\/\/www.viktorgustavsson.com\/sv\/om-viktor\/\" \/>\n<meta property=\"og:locale\" content=\"sv_SE\" \/>\n<meta property=\"og:type\" content=\"article\" \/>\n<meta property=\"og:title\" content=\"Om Viktor - Viktor Gustavsson Golf Academy\" \/>\n<meta property=\"og:description\" content=\"Viktor Gustavsson och VG Golf Academy Mitt namn \u00e4r Viktor Gustavsson och jag driver VG Golf Academy p\u00e5\u00a0Bro Hof Slott Golf Club. Jag \u00e4r mer eller mindre uppv\u00e4xt p\u00e5 en golfbana och har spelat\u00a0golf sen jag var\u00a03 \u00e5r. Jag har jobbat som golftr\u00e4nare sen 2001 och aldrig \u00e5ngrat det valet jag gjorde n\u00e4r jag la ner min karri\u00e4r, detta \u00e4r ... Read More\" \/>\n<meta property=\"og:url\" content=\"https:\/\/www.viktorgustavsson.com\/sv\/om-viktor\/\" \/>\n<meta property=\"og:site_name\" content=\"Viktor Gustavsson Golf Academy\" \/>\n<meta property=\"article:modified_time\" content=\"2025-10-13T15:25:13+00:00\" \/>\n<meta property=\"og:image\" content=\"https:\/\/www.viktorgustavsson.com\/wp-content\/uploads\/2018\/10\/Viktor-Dragarbild.jpg\" \/>\n\t<meta property=\"og:image:width\" content=\"1020\" \/>\n\t<meta property=\"og:image:height\" content=\"887\" \/>\n\t<meta property=\"og:image:type\" content=\"image\/jpeg\" \/>\n<meta name=\"twitter:card\" content=\"summary_large_image\" \/>\n<meta name=\"twitter:label1\" content=\"Ber\u00e4knad l\u00e4stid\" \/>\n\t<meta name=\"twitter:data1\" content=\"4 minuter\" \/>\n<script type=\"application\/ld+json\" class=\"yoast-schema-graph\">{\"@context\":\"https:\/\/schema.org\",\"@graph\":[{\"@type\":\"WebPage\",\"@id\":\"https:\/\/www.viktorgustavsson.com\/sv\/om-viktor\/\",\"url\":\"https:\/\/www.viktorgustavsson.com\/sv\/om-viktor\/\",\"name\":\"Om Viktor - Viktor Gustavsson Golf Academy\",\"isPartOf\":{\"@id\":\"https:\/\/www.viktorgustavsson.com\/#website\"},\"primaryImageOfPage\":{\"@id\":\"https:\/\/www.viktorgustavsson.com\/sv\/om-viktor\/#primaryimage\"},\"image\":{\"@id\":\"https:\/\/www.viktorgustavsson.com\/sv\/om-viktor\/#primaryimage\"},\"thumbnailUrl\":\"http:\/\/www.viktorgustavsson.com\/wp-content\/uploads\/2018\/10\/Viktor-Dragarbild-300x261.jpg\",\"datePublished\":\"2015-11-20T09:32:06+00:00\",\"dateModified\":\"2025-10-13T15:25:13+00:00\",\"breadcrumb\":{\"@id\":\"https:\/\/www.viktorgustavsson.com\/sv\/om-viktor\/#breadcrumb\"},\"inLanguage\":\"sv-SE\",\"potentialAction\":[{\"@type\":\"ReadAction\",\"target\":[\"https:\/\/www.viktorgustavsson.com\/sv\/om-viktor\/\"]}]},{\"@type\":\"ImageObject\",\"inLanguage\":\"sv-SE\",\"@id\":\"https:\/\/www.viktorgustavsson.com\/sv\/om-viktor\/#primaryimage\",\"url\":\"http:\/\/www.viktorgustavsson.com\/wp-content\/uploads\/2018\/10\/Viktor-Dragarbild-300x261.jpg\",\"contentUrl\":\"http:\/\/www.viktorgustavsson.com\/wp-content\/uploads\/2018\/10\/Viktor-Dragarbild-300x261.jpg\"},{\"@type\":\"BreadcrumbList\",\"@id\":\"https:\/\/www.viktorgustavsson.com\/sv\/om-viktor\/#breadcrumb\",\"itemListElement\":[{\"@type\":\"ListItem\",\"position\":1,\"name\":\"Hem\",\"item\":\"https:\/\/www.viktorgustavsson.com\/sv\/\"},{\"@type\":\"ListItem\",\"position\":2,\"name\":\"Om Viktor\"}]},{\"@type\":\"WebSite\",\"@id\":\"https:\/\/www.viktorgustavsson.com\/#website\",\"url\":\"https:\/\/www.viktorgustavsson.com\/\",\"name\":\"Viktor Gustavsson Golf Academy\",\"description\":\"Professionell golftr\u00e4nare\",\"potentialAction\":[{\"@type\":\"SearchAction\",\"target\":{\"@type\":\"EntryPoint\",\"urlTemplate\":\"https:\/\/www.viktorgustavsson.com\/?s={search_term_string}\"},\"query-input\":{\"@type\":\"PropertyValueSpecification\",\"valueRequired\":true,\"valueName\":\"search_term_string\"}}],\"inLanguage\":\"sv-SE\"}]}<\/script>\n<!-- \/ Yoast SEO plugin. -->","yoast_head_json":{"title":"Om Viktor - Viktor Gustavsson Golf Academy","robots":{"index":"index","follow":"follow","max-snippet":"max-snippet:-1","max-image-preview":"max-image-preview:large","max-video-preview":"max-video-preview:-1"},"canonical":"https:\/\/www.viktorgustavsson.com\/sv\/om-viktor\/","og_locale":"sv_SE","og_type":"article","og_title":"Om Viktor - Viktor Gustavsson Golf Academy","og_description":"Viktor Gustavsson och VG Golf Academy Mitt namn \u00e4r Viktor Gustavsson och jag driver VG Golf Academy p\u00e5\u00a0Bro Hof Slott Golf Club. Jag \u00e4r mer eller mindre uppv\u00e4xt p\u00e5 en golfbana och har spelat\u00a0golf sen jag var\u00a03 \u00e5r. Jag har jobbat som golftr\u00e4nare sen 2001 och aldrig \u00e5ngrat det valet jag gjorde n\u00e4r jag la ner min karri\u00e4r, detta \u00e4r ... Read More","og_url":"https:\/\/www.viktorgustavsson.com\/sv\/om-viktor\/","og_site_name":"Viktor Gustavsson Golf Academy","article_modified_time":"2025-10-13T15:25:13+00:00","og_image":[{"width":1020,"height":887,"url":"https:\/\/www.viktorgustavsson.com\/wp-content\/uploads\/2018\/10\/Viktor-Dragarbild.jpg","type":"image\/jpeg"}],"twitter_card":"summary_large_image","twitter_misc":{"Ber\u00e4knad l\u00e4stid":"4 minuter"},"schema":{"@context":"https:\/\/schema.org","@graph":[{"@type":"WebPage","@id":"https:\/\/www.viktorgustavsson.com\/sv\/om-viktor\/","url":"https:\/\/www.viktorgustavsson.com\/sv\/om-viktor\/","name":"Om Viktor - Viktor Gustavsson Golf Academy","isPartOf":{"@id":"https:\/\/www.viktorgustavsson.com\/#website"},"primaryImageOfPage":{"@id":"https:\/\/www.viktorgustavsson.com\/sv\/om-viktor\/#primaryimage"},"image":{"@id":"https:\/\/www.viktorgustavsson.com\/sv\/om-viktor\/#primaryimage"},"thumbnailUrl":"http:\/\/www.viktorgustavsson.com\/wp-content\/uploads\/2018\/10\/Viktor-Dragarbild-300x261.jpg","datePublished":"2015-11-20T09:32:06+00:00","dateModified":"2025-10-13T15:25:13+00:00","breadcrumb":{"@id":"https:\/\/www.viktorgustavsson.com\/sv\/om-viktor\/#breadcrumb"},"inLanguage":"sv-SE","potentialAction":[{"@type":"ReadAction","target":["https:\/\/www.viktorgustavsson.com\/sv\/om-viktor\/"]}]},{"@type":"ImageObject","inLanguage":"sv-SE","@id":"https:\/\/www.viktorgustavsson.com\/sv\/om-viktor\/#primaryimage","url":"http:\/\/www.viktorgustavsson.com\/wp-content\/uploads\/2018\/10\/Viktor-Dragarbild-300x261.jpg","contentUrl":"http:\/\/www.viktorgustavsson.com\/wp-content\/uploads\/2018\/10\/Viktor-Dragarbild-300x261.jpg"},{"@type":"BreadcrumbList","@id":"https:\/\/www.viktorgustavsson.com\/sv\/om-viktor\/#breadcrumb","itemListElement":[{"@type":"ListItem","position":1,"name":"Hem","item":"https:\/\/www.viktorgustavsson.com\/sv\/"},{"@type":"ListItem","position":2,"name":"Om Viktor"}]},{"@type":"WebSite","@id":"https:\/\/www.viktorgustavsson.com\/#website","url":"https:\/\/www.viktorgustavsson.com\/","name":"Viktor Gustavsson Golf Academy","description":"Professionell golftr\u00e4nare","potentialAction":[{"@type":"SearchAction","target":{"@type":"EntryPoint","urlTemplate":"https:\/\/www.viktorgustavsson.com\/?s={search_term_string}"},"query-input":{"@type":"PropertyValueSpecification","valueRequired":true,"valueName":"search_term_string"}}],"inLanguage":"sv-SE"}]}},"_links":{"self":[{"href":"https:\/\/www.viktorgustavsson.com\/sv\/wp-json\/wp\/v2\/pages\/150","targetHints":{"allow":["GET"]}}],"collection":[{"href":"https:\/\/www.viktorgustavsson.com\/sv\/wp-json\/wp\/v2\/pages"}],"about":[{"href":"https:\/\/www.viktorgustavsson.com\/sv\/wp-json\/wp\/v2\/types\/page"}],"author":[{"embeddable":true,"href":"https:\/\/www.viktorgustavsson.com\/sv\/wp-json\/wp\/v2\/users\/1"}],"replies":[{"embeddable":true,"href":"https:\/\/www.viktorgustavsson.com\/sv\/wp-json\/wp\/v2\/comments?post=150"}],"version-history":[{"count":13,"href":"https:\/\/www.viktorgustavsson.com\/sv\/wp-json\/wp\/v2\/pages\/150\/revisions"}],"predecessor-version":[{"id":771,"href":"https:\/\/www.viktorgustavsson.com\/sv\/wp-json\/wp\/v2\/pages\/150\/revisions\/771"}],"wp:attachment":[{"href":"https:\/\/www.viktorgustavsson.com\/sv\/wp-json\/wp\/v2\/media?parent=150"}],"curies":[{"name":"wp","href":"https:\/\/api.w.org\/{rel}","templated":true}]}}