{"id":147,"date":"2015-11-20T10:29:08","date_gmt":"2015-11-20T09:29:08","guid":{"rendered":"http:\/\/www.viktorgustavsson.com\/?page_id=147&#038;lang=sv"},"modified":"2024-10-31T14:59:12","modified_gmt":"2024-10-31T13:59:12","slug":"online-lektioner","status":"publish","type":"page","link":"https:\/\/www.viktorgustavsson.com\/sv\/online-lektioner\/","title":{"rendered":"Online lektioner"},"content":{"rendered":"<p><strong>Med hj\u00e4lp av din mobiltelefon \u00e4r du just nu bara n\u00e5gra klick och mindre \u00e4n\u00a024 timmar\u00a0<\/strong><strong>fr\u00e5n en golflektion av Viktor Gustavsson och VG Golf Academy!<\/strong><\/p>\n<p>Nu kan du via din mobiltelefon (Iphone\/Ipad eller Smartphone) snabbt och enkelt f\u00e5 hj\u00e4lp med svingen eller n\u00e4rspelet f\u00f6r endast 495 kr.<\/p>\n<p>Efter min analys kommer du \u00e4ntligen f\u00f6rst\u00e5 din egen sving s\u00e5 att du sj\u00e4lv l\u00e4ttare kan n\u00e5 dina m\u00e5l. Oavsett om det \u00e4r en online eller att du \u00e4r p\u00e5 plats hos mig f\u00f6r en lektion s\u00e5 kommer det vara en ny upplevelse.<\/p>\n<p>Med n\u00e5gra f\u00e5 knapptryckningar p\u00e5 din telefon har du filmat din sving och skickat den f\u00f6r analys till mig. Inom\u00a024 timmar har du en fullst\u00e4ndig analys, komplett \u00f6vningsprogram med skr\u00e4ddarsydda \u00f6vningar och checkpunkter som hj\u00e4lper dig tr\u00e4na r\u00e4tt.<\/p>\n<p>Dina lektioner fr\u00e5n mig kommer finnas tillg\u00e4ngliga i din mobil eller dator 24 timmar per dygn, 7 dagar i vecka och 365 dagar per \u00e5r s\u00e5 du kan repetera n\u00e4r du vill oavsett var du \u00e4n befinner dig. S\u00e5 h\u00e4r g\u00f6r du:<\/p>\n<ul>\n<li>Ladda ner V1 Golf direkt till din telefon eller fr\u00e5n Itunes eller motsvarande till din smartphone.<\/li>\n<li>Registrera dig som anv\u00e4ndare.<\/li>\n<li>Filma din sving eller n\u00e4rspelsslag via V1 programmet i din telefon.<\/li>\n<li>Skicka till <a href=\"mailto:viktor@vggolfacademy.se\">viktor@vggolfacademy.se <\/a>eller uppload to locker, via din telefon.<\/li>\n<li>24 timmar senare har du en lektion, med \u00f6vningar, som du kan se i telefonen och datorn.<\/li>\n<\/ul>\n<p><iframe loading=\"lazy\" src=\"http:\/\/academy.v1sports.com\/Academy\/VGGA\/login.asp\" name=\"V1Frame\" width=\"600\" height=\"400\" frameborder=\"0\"><\/iframe><\/p>\n","protected":false},"excerpt":{"rendered":"<p>Med hj\u00e4lp av din mobiltelefon \u00e4r du just nu bara n\u00e5gra klick och mindre \u00e4n\u00a024 timmar\u00a0fr\u00e5n en golflektion av Viktor Gustavsson och VG Golf Academy! Nu kan du via din mobiltelefon (Iphone\/Ipad eller Smartphone) snabbt och enkelt f\u00e5 hj\u00e4lp med svingen eller n\u00e4rspelet f\u00f6r endast 495 kr. Efter min analys kommer du \u00e4ntligen f\u00f6rst\u00e5 din egen sving s\u00e5 att du &#8230; <\/p>\n<div><a href=\"https:\/\/www.viktorgustavsson.com\/sv\/online-lektioner\/\" class=\"more-link\">Read More<\/a><\/div>\n","protected":false},"author":1,"featured_media":0,"parent":0,"menu_order":0,"comment_status":"closed","ping_status":"closed","template":"","meta":{"footnotes":""},"class_list":["post-147","page","type-page","status-publish","hentry","no-post-thumbnail"],"yoast_head":"<!-- This site is optimized with the Yoast SEO plugin v27.2 - https:\/\/yoast.com\/product\/yoast-seo-wordpress\/ -->\n<title>Online lektioner - Viktor Gustavsson Golf Academy<\/title>\n<meta name=\"robots\" content=\"index, follow, max-snippet:-1, max-image-preview:large, max-video-preview:-1\" \/>\n<link rel=\"canonical\" href=\"https:\/\/www.viktorgustavsson.com\/sv\/online-lektioner\/\" \/>\n<meta property=\"og:locale\" content=\"sv_SE\" \/>\n<meta property=\"og:type\" content=\"article\" \/>\n<meta property=\"og:title\" content=\"Online lektioner - Viktor Gustavsson Golf Academy\" \/>\n<meta property=\"og:description\" content=\"Med hj\u00e4lp av din mobiltelefon \u00e4r du just nu bara n\u00e5gra klick och mindre \u00e4n\u00a024 timmar\u00a0fr\u00e5n en golflektion av Viktor Gustavsson och VG Golf Academy! Nu kan du via din mobiltelefon (Iphone\/Ipad eller Smartphone) snabbt och enkelt f\u00e5 hj\u00e4lp med svingen eller n\u00e4rspelet f\u00f6r endast 495 kr. Efter min analys kommer du \u00e4ntligen f\u00f6rst\u00e5 din egen sving s\u00e5 att du ... Read More\" \/>\n<meta property=\"og:url\" content=\"https:\/\/www.viktorgustavsson.com\/sv\/online-lektioner\/\" \/>\n<meta property=\"og:site_name\" content=\"Viktor Gustavsson Golf Academy\" \/>\n<meta property=\"article:modified_time\" content=\"2024-10-31T13:59:12+00:00\" \/>\n<meta name=\"twitter:card\" content=\"summary_large_image\" \/>\n<meta name=\"twitter:label1\" content=\"Ber\u00e4knad l\u00e4stid\" \/>\n\t<meta name=\"twitter:data1\" content=\"2 minuter\" \/>\n<script type=\"application\/ld+json\" class=\"yoast-schema-graph\">{\"@context\":\"https:\/\/schema.org\",\"@graph\":[{\"@type\":\"WebPage\",\"@id\":\"https:\/\/www.viktorgustavsson.com\/sv\/online-lektioner\/\",\"url\":\"https:\/\/www.viktorgustavsson.com\/sv\/online-lektioner\/\",\"name\":\"Online lektioner - Viktor Gustavsson Golf Academy\",\"isPartOf\":{\"@id\":\"https:\/\/www.viktorgustavsson.com\/#website\"},\"datePublished\":\"2015-11-20T09:29:08+00:00\",\"dateModified\":\"2024-10-31T13:59:12+00:00\",\"breadcrumb\":{\"@id\":\"https:\/\/www.viktorgustavsson.com\/sv\/online-lektioner\/#breadcrumb\"},\"inLanguage\":\"sv-SE\",\"potentialAction\":[{\"@type\":\"ReadAction\",\"target\":[\"https:\/\/www.viktorgustavsson.com\/sv\/online-lektioner\/\"]}]},{\"@type\":\"BreadcrumbList\",\"@id\":\"https:\/\/www.viktorgustavsson.com\/sv\/online-lektioner\/#breadcrumb\",\"itemListElement\":[{\"@type\":\"ListItem\",\"position\":1,\"name\":\"Hem\",\"item\":\"https:\/\/www.viktorgustavsson.com\/sv\/\"},{\"@type\":\"ListItem\",\"position\":2,\"name\":\"Online lektioner\"}]},{\"@type\":\"WebSite\",\"@id\":\"https:\/\/www.viktorgustavsson.com\/#website\",\"url\":\"https:\/\/www.viktorgustavsson.com\/\",\"name\":\"Viktor Gustavsson Golf Academy\",\"description\":\"Professionell golftr\u00e4nare\",\"potentialAction\":[{\"@type\":\"SearchAction\",\"target\":{\"@type\":\"EntryPoint\",\"urlTemplate\":\"https:\/\/www.viktorgustavsson.com\/?s={search_term_string}\"},\"query-input\":{\"@type\":\"PropertyValueSpecification\",\"valueRequired\":true,\"valueName\":\"search_term_string\"}}],\"inLanguage\":\"sv-SE\"}]}<\/script>\n<!-- \/ Yoast SEO plugin. -->","yoast_head_json":{"title":"Online lektioner - Viktor Gustavsson Golf Academy","robots":{"index":"index","follow":"follow","max-snippet":"max-snippet:-1","max-image-preview":"max-image-preview:large","max-video-preview":"max-video-preview:-1"},"canonical":"https:\/\/www.viktorgustavsson.com\/sv\/online-lektioner\/","og_locale":"sv_SE","og_type":"article","og_title":"Online lektioner - Viktor Gustavsson Golf Academy","og_description":"Med hj\u00e4lp av din mobiltelefon \u00e4r du just nu bara n\u00e5gra klick och mindre \u00e4n\u00a024 timmar\u00a0fr\u00e5n en golflektion av Viktor Gustavsson och VG Golf Academy! Nu kan du via din mobiltelefon (Iphone\/Ipad eller Smartphone) snabbt och enkelt f\u00e5 hj\u00e4lp med svingen eller n\u00e4rspelet f\u00f6r endast 495 kr. Efter min analys kommer du \u00e4ntligen f\u00f6rst\u00e5 din egen sving s\u00e5 att du ... Read More","og_url":"https:\/\/www.viktorgustavsson.com\/sv\/online-lektioner\/","og_site_name":"Viktor Gustavsson Golf Academy","article_modified_time":"2024-10-31T13:59:12+00:00","twitter_card":"summary_large_image","twitter_misc":{"Ber\u00e4knad l\u00e4stid":"2 minuter"},"schema":{"@context":"https:\/\/schema.org","@graph":[{"@type":"WebPage","@id":"https:\/\/www.viktorgustavsson.com\/sv\/online-lektioner\/","url":"https:\/\/www.viktorgustavsson.com\/sv\/online-lektioner\/","name":"Online lektioner - Viktor Gustavsson Golf Academy","isPartOf":{"@id":"https:\/\/www.viktorgustavsson.com\/#website"},"datePublished":"2015-11-20T09:29:08+00:00","dateModified":"2024-10-31T13:59:12+00:00","breadcrumb":{"@id":"https:\/\/www.viktorgustavsson.com\/sv\/online-lektioner\/#breadcrumb"},"inLanguage":"sv-SE","potentialAction":[{"@type":"ReadAction","target":["https:\/\/www.viktorgustavsson.com\/sv\/online-lektioner\/"]}]},{"@type":"BreadcrumbList","@id":"https:\/\/www.viktorgustavsson.com\/sv\/online-lektioner\/#breadcrumb","itemListElement":[{"@type":"ListItem","position":1,"name":"Hem","item":"https:\/\/www.viktorgustavsson.com\/sv\/"},{"@type":"ListItem","position":2,"name":"Online lektioner"}]},{"@type":"WebSite","@id":"https:\/\/www.viktorgustavsson.com\/#website","url":"https:\/\/www.viktorgustavsson.com\/","name":"Viktor Gustavsson Golf Academy","description":"Professionell golftr\u00e4nare","potentialAction":[{"@type":"SearchAction","target":{"@type":"EntryPoint","urlTemplate":"https:\/\/www.viktorgustavsson.com\/?s={search_term_string}"},"query-input":{"@type":"PropertyValueSpecification","valueRequired":true,"valueName":"search_term_string"}}],"inLanguage":"sv-SE"}]}},"_links":{"self":[{"href":"https:\/\/www.viktorgustavsson.com\/sv\/wp-json\/wp\/v2\/pages\/147","targetHints":{"allow":["GET"]}}],"collection":[{"href":"https:\/\/www.viktorgustavsson.com\/sv\/wp-json\/wp\/v2\/pages"}],"about":[{"href":"https:\/\/www.viktorgustavsson.com\/sv\/wp-json\/wp\/v2\/types\/page"}],"author":[{"embeddable":true,"href":"https:\/\/www.viktorgustavsson.com\/sv\/wp-json\/wp\/v2\/users\/1"}],"replies":[{"embeddable":true,"href":"https:\/\/www.viktorgustavsson.com\/sv\/wp-json\/wp\/v2\/comments?post=147"}],"version-history":[{"count":5,"href":"https:\/\/www.viktorgustavsson.com\/sv\/wp-json\/wp\/v2\/pages\/147\/revisions"}],"predecessor-version":[{"id":746,"href":"https:\/\/www.viktorgustavsson.com\/sv\/wp-json\/wp\/v2\/pages\/147\/revisions\/746"}],"wp:attachment":[{"href":"https:\/\/www.viktorgustavsson.com\/sv\/wp-json\/wp\/v2\/media?parent=147"}],"curies":[{"name":"wp","href":"https:\/\/api.w.org\/{rel}","templated":true}]}}