{"id":144,"date":"2015-11-20T10:26:04","date_gmt":"2015-11-20T09:26:04","guid":{"rendered":"http:\/\/www.viktorgustavsson.com\/?page_id=144&#038;lang=sv"},"modified":"2023-11-10T06:56:10","modified_gmt":"2023-11-10T05:56:10","slug":"kunder","status":"publish","type":"page","link":"https:\/\/www.viktorgustavsson.com\/sv\/kunder\/","title":{"rendered":"Kunder"},"content":{"rendered":"<div class=\"wpb-content-wrapper\">[vc_row no_margin=&#8221;true&#8221; padding_top=&#8221;0px&#8221; padding_bottom=&#8221;0px&#8221; border=&#8221;none&#8221;][vc_column width=&#8221;1\/2&#8243; fade_animation_offset=&#8221;45px&#8221;][vc_column_text]<h4>F\u00f6rel\u00e4sningar<\/h4>\n<p>Viktor jobbar f\u00f6r nuvarande som \u00e5terkommande\u00a0f\u00f6rel\u00e4sare och h\u00e5ller i n\u00e4rspelscertifieringen\u00a0i f\u00f6ljande l\u00e4nder:<\/p>\n<p>PGA Sverige<br \/>\nPGA Norge<br \/>\nPGA Danmark<br \/>\nPGA Finland<br \/>\nPGA Schweiz<br \/>\nPGA Polen<\/p>\n<p>Svenska Tr\u00e4narutbildningen (TU)<br \/>\nDanska Tr\u00e4narutbildningen (TU)<br \/>\nSvenska PGA Distrikten<\/p>\n<p>Golfgymnasier<\/p>\n<p>Elitklubbar<\/p>\n<p><strong>F\u00f6retag som anv\u00e4nder sig av Viktor:<\/strong><\/p>\n<p>Callaway<br \/>\nGolf Europe<br \/>\nSony Ericsson Sweden<br \/>\nTyres\u00f6 F\u00f6retagarna<br \/>\nAlecta<br \/>\nTaylor Made<br \/>\nDanske Invest<br \/>\nGolf Plasir<br \/>\nSvensk Golf<br \/>\nSGF<br \/>\nOlofsson Bil<\/p>\n[\/vc_column_text][\/vc_column][vc_column width=&#8221;1\/2&#8243; fade_animation_offset=&#8221;45px&#8221;][vc_column_text]<h4>Spelare<\/h4>\n<p>Spelare och landslag som anv\u00e4nder sig av Viktors tj\u00e4nster.<\/p>\n<p><strong>Europeantour and PGA Tour Men<\/strong><br \/>\nAlex Noren<br \/>\nKristoffer Broberg<br \/>\nThomas Bj\u00f6rn<br \/>\nPU Johansson<br \/>\nJesper Parnevik<br \/>\nVincent Norrman<br \/>\nRafa Cabrera Bello<br \/>\nPeter Gustafsson<br \/>\nRikard Karlberg<br \/>\nJoakim Lagergren<br \/>\nJoel Sj\u00f6holm<br \/>\nJohan Edfors<br \/>\nFredrik Henge<br \/>\nPablo Martin<br \/>\nPelle Edberg<br \/>\nKrister Eriksson<br \/>\nJens Dantorp<br \/>\nNiklas Lemke<br \/>\nJens Fahrbring<br \/>\nAnton Karlsson<\/p>\n<p><strong>Europatouren Senior<\/strong><br \/>\nJohn Lindberg<\/p>\n<p><strong>Europeantour Ladies<\/strong><br \/>\nCamilla Lennarth<br \/>\nLouise Friberg<br \/>\nKarin B\u00f6rjeskog<br \/>\nEmelie Lind<br \/>\nJohanna Lundberg<\/p>\n<p><strong>European Challengetour<\/strong><br \/>\nRichard Pettersson<br \/>\nPetter Bocian<br \/>\nMattias Eliasson<br \/>\nJoakim Rask<br \/>\nKalle Brink<\/p>\n<p><strong>Swedish National Team<\/strong><\/p>\n<p><strong>Switzerland National Team<\/strong><\/p>\n<p><strong>Danish National Team<\/strong><\/p>\n<p><strong>Ecco Tour\/Nordea Tour<\/strong><br \/>\nCa 30 st spelare<\/p>\n[\/vc_column_text][\/vc_column][\/vc_row]\n<\/div>","protected":false},"excerpt":{"rendered":"<p>[vc_row no_margin=&#8221;true&#8221; padding_top=&#8221;0px&#8221; padding_bottom=&#8221;0px&#8221; border=&#8221;none&#8221;][vc_column width=&#8221;1\/2&#8243; fade_animation_offset=&#8221;45px&#8221;][vc_column_text][\/vc_column_text][\/vc_column][vc_column width=&#8221;1\/2&#8243; fade_animation_offset=&#8221;45px&#8221;][vc_column_text][\/vc_column_text][\/vc_column][\/vc_row]<\/p>\n","protected":false},"author":1,"featured_media":0,"parent":0,"menu_order":0,"comment_status":"closed","ping_status":"closed","template":"","meta":{"footnotes":""},"class_list":["post-144","page","type-page","status-publish","hentry","no-post-thumbnail"],"yoast_head":"<!-- This site is optimized with the Yoast SEO plugin v27.2 - https:\/\/yoast.com\/product\/yoast-seo-wordpress\/ -->\n<title>Kunder - Viktor Gustavsson Golf Academy<\/title>\n<meta name=\"robots\" content=\"index, follow, max-snippet:-1, max-image-preview:large, max-video-preview:-1\" \/>\n<link rel=\"canonical\" href=\"https:\/\/www.viktorgustavsson.com\/sv\/kunder\/\" \/>\n<meta property=\"og:locale\" content=\"sv_SE\" \/>\n<meta property=\"og:type\" content=\"article\" \/>\n<meta property=\"og:title\" content=\"Kunder - Viktor Gustavsson Golf Academy\" \/>\n<meta property=\"og:description\" content=\"[vc_row no_margin=&#8221;true&#8221; padding_top=&#8221;0px&#8221; padding_bottom=&#8221;0px&#8221; border=&#8221;none&#8221;][vc_column width=&#8221;1\/2&#8243; fade_animation_offset=&#8221;45px&#8221;][vc_column_text][\/vc_column_text][\/vc_column][vc_column width=&#8221;1\/2&#8243; fade_animation_offset=&#8221;45px&#8221;][vc_column_text][\/vc_column_text][\/vc_column][\/vc_row]\" \/>\n<meta property=\"og:url\" content=\"https:\/\/www.viktorgustavsson.com\/sv\/kunder\/\" \/>\n<meta property=\"og:site_name\" content=\"Viktor Gustavsson Golf Academy\" \/>\n<meta property=\"article:modified_time\" content=\"2023-11-10T05:56:10+00:00\" \/>\n<meta name=\"twitter:card\" content=\"summary_large_image\" \/>\n<meta name=\"twitter:label1\" content=\"Ber\u00e4knad l\u00e4stid\" \/>\n\t<meta name=\"twitter:data1\" content=\"1 minut\" \/>\n<script type=\"application\/ld+json\" class=\"yoast-schema-graph\">{\"@context\":\"https:\/\/schema.org\",\"@graph\":[{\"@type\":\"WebPage\",\"@id\":\"https:\/\/www.viktorgustavsson.com\/sv\/kunder\/\",\"url\":\"https:\/\/www.viktorgustavsson.com\/sv\/kunder\/\",\"name\":\"Kunder - Viktor Gustavsson Golf Academy\",\"isPartOf\":{\"@id\":\"https:\/\/www.viktorgustavsson.com\/#website\"},\"datePublished\":\"2015-11-20T09:26:04+00:00\",\"dateModified\":\"2023-11-10T05:56:10+00:00\",\"breadcrumb\":{\"@id\":\"https:\/\/www.viktorgustavsson.com\/sv\/kunder\/#breadcrumb\"},\"inLanguage\":\"sv-SE\",\"potentialAction\":[{\"@type\":\"ReadAction\",\"target\":[\"https:\/\/www.viktorgustavsson.com\/sv\/kunder\/\"]}]},{\"@type\":\"BreadcrumbList\",\"@id\":\"https:\/\/www.viktorgustavsson.com\/sv\/kunder\/#breadcrumb\",\"itemListElement\":[{\"@type\":\"ListItem\",\"position\":1,\"name\":\"Hem\",\"item\":\"https:\/\/www.viktorgustavsson.com\/sv\/\"},{\"@type\":\"ListItem\",\"position\":2,\"name\":\"Kunder\"}]},{\"@type\":\"WebSite\",\"@id\":\"https:\/\/www.viktorgustavsson.com\/#website\",\"url\":\"https:\/\/www.viktorgustavsson.com\/\",\"name\":\"Viktor Gustavsson Golf Academy\",\"description\":\"Professionell golftr\u00e4nare\",\"potentialAction\":[{\"@type\":\"SearchAction\",\"target\":{\"@type\":\"EntryPoint\",\"urlTemplate\":\"https:\/\/www.viktorgustavsson.com\/?s={search_term_string}\"},\"query-input\":{\"@type\":\"PropertyValueSpecification\",\"valueRequired\":true,\"valueName\":\"search_term_string\"}}],\"inLanguage\":\"sv-SE\"}]}<\/script>\n<!-- \/ Yoast SEO plugin. -->","yoast_head_json":{"title":"Kunder - Viktor Gustavsson Golf Academy","robots":{"index":"index","follow":"follow","max-snippet":"max-snippet:-1","max-image-preview":"max-image-preview:large","max-video-preview":"max-video-preview:-1"},"canonical":"https:\/\/www.viktorgustavsson.com\/sv\/kunder\/","og_locale":"sv_SE","og_type":"article","og_title":"Kunder - Viktor Gustavsson Golf Academy","og_description":"[vc_row no_margin=&#8221;true&#8221; padding_top=&#8221;0px&#8221; padding_bottom=&#8221;0px&#8221; border=&#8221;none&#8221;][vc_column width=&#8221;1\/2&#8243; fade_animation_offset=&#8221;45px&#8221;][vc_column_text][\/vc_column_text][\/vc_column][vc_column width=&#8221;1\/2&#8243; fade_animation_offset=&#8221;45px&#8221;][vc_column_text][\/vc_column_text][\/vc_column][\/vc_row]","og_url":"https:\/\/www.viktorgustavsson.com\/sv\/kunder\/","og_site_name":"Viktor Gustavsson Golf Academy","article_modified_time":"2023-11-10T05:56:10+00:00","twitter_card":"summary_large_image","twitter_misc":{"Ber\u00e4knad l\u00e4stid":"1 minut"},"schema":{"@context":"https:\/\/schema.org","@graph":[{"@type":"WebPage","@id":"https:\/\/www.viktorgustavsson.com\/sv\/kunder\/","url":"https:\/\/www.viktorgustavsson.com\/sv\/kunder\/","name":"Kunder - Viktor Gustavsson Golf Academy","isPartOf":{"@id":"https:\/\/www.viktorgustavsson.com\/#website"},"datePublished":"2015-11-20T09:26:04+00:00","dateModified":"2023-11-10T05:56:10+00:00","breadcrumb":{"@id":"https:\/\/www.viktorgustavsson.com\/sv\/kunder\/#breadcrumb"},"inLanguage":"sv-SE","potentialAction":[{"@type":"ReadAction","target":["https:\/\/www.viktorgustavsson.com\/sv\/kunder\/"]}]},{"@type":"BreadcrumbList","@id":"https:\/\/www.viktorgustavsson.com\/sv\/kunder\/#breadcrumb","itemListElement":[{"@type":"ListItem","position":1,"name":"Hem","item":"https:\/\/www.viktorgustavsson.com\/sv\/"},{"@type":"ListItem","position":2,"name":"Kunder"}]},{"@type":"WebSite","@id":"https:\/\/www.viktorgustavsson.com\/#website","url":"https:\/\/www.viktorgustavsson.com\/","name":"Viktor Gustavsson Golf Academy","description":"Professionell golftr\u00e4nare","potentialAction":[{"@type":"SearchAction","target":{"@type":"EntryPoint","urlTemplate":"https:\/\/www.viktorgustavsson.com\/?s={search_term_string}"},"query-input":{"@type":"PropertyValueSpecification","valueRequired":true,"valueName":"search_term_string"}}],"inLanguage":"sv-SE"}]}},"_links":{"self":[{"href":"https:\/\/www.viktorgustavsson.com\/sv\/wp-json\/wp\/v2\/pages\/144","targetHints":{"allow":["GET"]}}],"collection":[{"href":"https:\/\/www.viktorgustavsson.com\/sv\/wp-json\/wp\/v2\/pages"}],"about":[{"href":"https:\/\/www.viktorgustavsson.com\/sv\/wp-json\/wp\/v2\/types\/page"}],"author":[{"embeddable":true,"href":"https:\/\/www.viktorgustavsson.com\/sv\/wp-json\/wp\/v2\/users\/1"}],"replies":[{"embeddable":true,"href":"https:\/\/www.viktorgustavsson.com\/sv\/wp-json\/wp\/v2\/comments?post=144"}],"version-history":[{"count":5,"href":"https:\/\/www.viktorgustavsson.com\/sv\/wp-json\/wp\/v2\/pages\/144\/revisions"}],"predecessor-version":[{"id":719,"href":"https:\/\/www.viktorgustavsson.com\/sv\/wp-json\/wp\/v2\/pages\/144\/revisions\/719"}],"wp:attachment":[{"href":"https:\/\/www.viktorgustavsson.com\/sv\/wp-json\/wp\/v2\/media?parent=144"}],"curies":[{"name":"wp","href":"https:\/\/api.w.org\/{rel}","templated":true}]}}